{"id":3366,"date":"2024-03-03T20:24:46","date_gmt":"2024-03-03T19:24:46","guid":{"rendered":"https:\/\/tobrcko.com\/korisna-informacija\/"},"modified":"2025-10-21T20:35:58","modified_gmt":"2025-10-21T18:35:58","slug":"korisna-informacija","status":"publish","type":"page","link":"https:\/\/tobrcko.com\/hr\/korisna-informacija\/","title":{"rendered":"Korisna informacija"},"content":{"rendered":"\t\t<div data-elementor-type=\"wp-page\" data-elementor-id=\"3366\" class=\"elementor elementor-3366 elementor-1197\">\n\t\t\t\t\t\t<section class=\"elementor-section elementor-top-section elementor-element elementor-element-ee503c8 elementor-section-boxed elementor-section-height-default elementor-section-height-default\" data-id=\"ee503c8\" data-element_type=\"section\" data-settings=\"{&quot;background_background&quot;:&quot;slideshow&quot;,&quot;background_slideshow_gallery&quot;:[{&quot;id&quot;:2341,&quot;url&quot;:&quot;https:\\\/\\\/tobrcko.com\\\/wp-content\\\/uploads\\\/2022\\\/12\\\/vjecnica1-1.jpg&quot;},{&quot;id&quot;:7679,&quot;url&quot;:&quot;https:\\\/\\\/tobrcko.com\\\/wp-content\\\/uploads\\\/2023\\\/01\\\/Screenshot-2025-10-21-191730.png&quot;},{&quot;id&quot;:6238,&quot;url&quot;:&quot;https:\\\/\\\/tobrcko.com\\\/wp-content\\\/uploads\\\/2025\\\/06\\\/setaliste-3.jpg&quot;}],&quot;background_slideshow_ken_burns&quot;:&quot;yes&quot;,&quot;background_slideshow_transition_duration&quot;:800,&quot;background_slideshow_loop&quot;:&quot;yes&quot;,&quot;background_slideshow_slide_duration&quot;:5000,&quot;background_slideshow_slide_transition&quot;:&quot;fade&quot;,&quot;background_slideshow_ken_burns_zoom_direction&quot;:&quot;in&quot;}\">\n\t\t\t\t\t\t<div class=\"elementor-container elementor-column-gap-default\">\n\t\t\t\t\t<div class=\"elementor-column elementor-col-100 elementor-top-column elementor-element elementor-element-8028c45\" data-id=\"8028c45\" data-element_type=\"column\">\n\t\t\t<div class=\"elementor-widget-wrap elementor-element-populated\">\n\t\t\t\t\t\t<div class=\"elementor-element elementor-element-44fce45 elementor-widget elementor-widget-gva-heading-block\" data-id=\"44fce45\" data-element_type=\"widget\" data-widget_type=\"gva-heading-block.default\">\n\t\t\t\t<div class=\"elementor-widget-container\">\n\t\t\t\t\t<div class=\"gva-element-gva-heading-block gva-element\">   <div class=\"align-left style-1 widget gsc-heading box-align-left auto-responsive\">\r\n      <div class=\"content-inner\">\r\n         \r\n                  \r\n           \r\n         \r\n                     <h2 class=\"title\">\r\n               <span>Korisne informacije<\/span>\r\n            <\/h2>\r\n                  \r\n         \r\n         \r\n      <\/div>\r\n   <\/div>\r\n<\/div>\t\t\t\t<\/div>\n\t\t\t\t<\/div>\n\t\t\t\t\t<\/div>\n\t\t<\/div>\n\t\t\t\t\t<\/div>\n\t\t<\/section>\n\t\t\t\t<section class=\"elementor-section elementor-top-section elementor-element elementor-element-fe37e71 elementor-section-boxed elementor-section-height-default elementor-section-height-default\" data-id=\"fe37e71\" data-element_type=\"section\">\n\t\t\t\t\t\t<div class=\"elementor-container elementor-column-gap-default\">\n\t\t\t\t\t<div class=\"elementor-column elementor-col-50 elementor-top-column elementor-element elementor-element-a668bcd\" data-id=\"a668bcd\" data-element_type=\"column\">\n\t\t\t<div class=\"elementor-widget-wrap elementor-element-populated\">\n\t\t\t\t\t\t<div class=\"elementor-element elementor-element-3b85a7c elementor-widget elementor-widget-gva-heading-block\" data-id=\"3b85a7c\" data-element_type=\"widget\" data-widget_type=\"gva-heading-block.default\">\n\t\t\t\t<div class=\"elementor-widget-container\">\n\t\t\t\t\t<div class=\"gva-element-gva-heading-block gva-element\">   <div class=\"align-left style-1 widget gsc-heading box-align-left auto-responsive\">\r\n      <div class=\"content-inner\">\r\n         \r\n                  \r\n         <div class=\"sub-title\"><span class=\"tagline\">Turisti\u010dka organizacija Br\u010dko distrikta<\/span><\/div>  \r\n         \r\n                     <h2 class=\"title\">\r\n               <span>Prevoz<\/span>\r\n            <\/h2>\r\n                  \r\n                     <div class=\"title-desc\">Gradski prevoz Br\u010dko.<\/div>\r\n         \r\n         \r\n      <\/div>\r\n   <\/div>\r\n<\/div>\t\t\t\t<\/div>\n\t\t\t\t<\/div>\n\t\t\t\t\t<\/div>\n\t\t<\/div>\n\t\t\t\t<div class=\"elementor-column elementor-col-25 elementor-top-column elementor-element elementor-element-15f426d\" data-id=\"15f426d\" data-element_type=\"column\">\n\t\t\t<div class=\"elementor-widget-wrap elementor-element-populated\">\n\t\t\t\t\t\t<div class=\"elementor-element elementor-element-a3f6f1e elementor-widget__width-initial elementor-widget elementor-widget-ba_banner\" data-id=\"a3f6f1e\" data-element_type=\"widget\" data-widget_type=\"ba_banner.default\">\n\t\t\t\t<div class=\"elementor-widget-container\">\n\t\t\t\t\t<div class=\"gva-element-ba_banner gva-element\">\r\n\r\n\r\n<div class=\"lt-banner-three__single text-center\"><div class=\"lt-banner-three__wrap\"><div class=\"lt-banner-three__image\"><img decoding=\"async\" src=\"https:\/\/tobrcko.com\/wp-content\/uploads\/2024\/03\/gradski-prevoz.jpg\" alt=\"Gradski prevoz\" \/><\/div><div class=\"lt-banner-three__content\"><h3 class=\"lt-banner-three__title\">Gradski prevoz<\/h3><\/div><a class=\"lt-banner-three__link\" href=\"https:\/\/radiobrcko.ba\/wp-content\/uploads\/2023\/01\/Gradski-prevoz-red-voznje-2.pdf\"><\/a><\/div><\/div><\/div>\t\t\t\t<\/div>\n\t\t\t\t<\/div>\n\t\t\t\t\t<\/div>\n\t\t<\/div>\n\t\t\t\t<div class=\"elementor-column elementor-col-25 elementor-top-column elementor-element elementor-element-6381633\" data-id=\"6381633\" data-element_type=\"column\">\n\t\t\t<div class=\"elementor-widget-wrap elementor-element-populated\">\n\t\t\t\t\t\t<div class=\"elementor-element elementor-element-1d01d0f elementor-widget elementor-widget-ba_banner\" data-id=\"1d01d0f\" data-element_type=\"widget\" data-widget_type=\"ba_banner.default\">\n\t\t\t\t<div class=\"elementor-widget-container\">\n\t\t\t\t\t<div class=\"gva-element-ba_banner gva-element\">\r\n\r\n\r\n<div class=\"lt-banner-three__single text-center\"><div class=\"lt-banner-three__wrap\"><div class=\"lt-banner-three__image\"><img decoding=\"async\" src=\"https:\/\/tobrcko.com\/wp-content\/uploads\/2024\/03\/366745648_254576577519807_6443272128533359650_n.jpg\" alt=\"Euro Taxi\" \/><\/div><div class=\"lt-banner-three__content\"><h3 class=\"lt-banner-three__title\">Euro Taxi<\/h3><\/div><a class=\"lt-banner-three__link\" href=\"https:\/\/www.eurotaxi-brcko.ba\/\"><\/a><\/div><\/div><\/div>\t\t\t\t<\/div>\n\t\t\t\t<\/div>\n\t\t\t\t\t<\/div>\n\t\t<\/div>\n\t\t\t\t\t<\/div>\n\t\t<\/section>\n\t\t\t\t<section class=\"elementor-section elementor-top-section elementor-element elementor-element-6c0cc16 elementor-section-boxed elementor-section-height-default elementor-section-height-default\" data-id=\"6c0cc16\" data-element_type=\"section\">\n\t\t\t\t\t\t\t<div class=\"elementor-background-overlay\"><\/div>\n\t\t\t\t\t\t\t<div class=\"elementor-container elementor-column-gap-default\">\n\t\t\t\t\t<div class=\"elementor-column elementor-col-100 elementor-top-column elementor-element elementor-element-f7bef87\" data-id=\"f7bef87\" data-element_type=\"column\">\n\t\t\t<div class=\"elementor-widget-wrap elementor-element-populated\">\n\t\t\t\t\t\t<div class=\"elementor-element elementor-element-190c90a elementor-widget elementor-widget-gva-heading-block\" data-id=\"190c90a\" data-element_type=\"widget\" data-settings=\"{&quot;_animation&quot;:&quot;none&quot;}\" data-widget_type=\"gva-heading-block.default\">\n\t\t\t\t<div class=\"elementor-widget-container\">\n\t\t\t\t\t<div class=\"gva-element-gva-heading-block gva-element\">   <div class=\"align-left style-1 widget gsc-heading box-align-left auto-responsive\">\r\n      <div class=\"content-inner\">\r\n         \r\n                  \r\n           \r\n         \r\n                     <h2 class=\"title\">\r\n               <span>Va\u017eni telefoni<\/span>\r\n            <\/h2>\r\n                  \r\n         \r\n         \r\n      <\/div>\r\n   <\/div>\r\n<\/div>\t\t\t\t<\/div>\n\t\t\t\t<\/div>\n\t\t\t\t<section class=\"elementor-section elementor-inner-section elementor-element elementor-element-72f2355 elementor-section-boxed elementor-section-height-default elementor-section-height-default\" data-id=\"72f2355\" data-element_type=\"section\">\n\t\t\t\t\t\t<div class=\"elementor-container elementor-column-gap-default\">\n\t\t\t\t\t<div class=\"elementor-column elementor-col-33 elementor-inner-column elementor-element elementor-element-5ea7057\" data-id=\"5ea7057\" data-element_type=\"column\">\n\t\t\t<div class=\"elementor-widget-wrap elementor-element-populated\">\n\t\t\t\t\t\t<div class=\"elementor-element elementor-element-bb5c139 elementor-widget__width-initial elementor-widget elementor-widget-text-editor\" data-id=\"bb5c139\" data-element_type=\"widget\" data-widget_type=\"text-editor.default\">\n\t\t\t\t<div class=\"elementor-widget-container\">\n\t\t\t\t\t\t\t\t\t<ul>\n<li><strong>Policija<\/strong> 122<\/li>\n<li><strong>Vatrogasna jedinica<\/strong> 123<\/li>\n<li><strong>De\u017eurni broj<\/strong> 124<\/li>\n<\/ul>\n\t\t\t\t\t\t\t\t<\/div>\n\t\t\t\t<\/div>\n\t\t\t\t\t<\/div>\n\t\t<\/div>\n\t\t\t\t<div class=\"elementor-column elementor-col-33 elementor-inner-column elementor-element elementor-element-b188eed\" data-id=\"b188eed\" data-element_type=\"column\">\n\t\t\t<div class=\"elementor-widget-wrap elementor-element-populated\">\n\t\t\t\t\t\t<div class=\"elementor-element elementor-element-32a7cf0 elementor-widget__width-initial elementor-widget elementor-widget-text-editor\" data-id=\"32a7cf0\" data-element_type=\"widget\" data-widget_type=\"text-editor.default\">\n\t\t\t\t<div class=\"elementor-widget-container\">\n\t\t\t\t\t\t\t\t\t<ul><li><strong>Zavod za javno zdravstvo<\/strong> 0800 50 606<\/li><li><strong>Inspektorat Br\u010dko distrikta<\/strong> 049 216 550<\/li><li><strong>Slu\u017eba za vanjske poslove<\/strong> a 049\/232-160<\/li><\/ul>\t\t\t\t\t\t\t\t<\/div>\n\t\t\t\t<\/div>\n\t\t\t\t\t<\/div>\n\t\t<\/div>\n\t\t\t\t<div class=\"elementor-column elementor-col-33 elementor-inner-column elementor-element elementor-element-9063993\" data-id=\"9063993\" data-element_type=\"column\">\n\t\t\t<div class=\"elementor-widget-wrap elementor-element-populated\">\n\t\t\t\t\t\t<div class=\"elementor-element elementor-element-798a17f elementor-widget__width-initial elementor-widget elementor-widget-text-editor\" data-id=\"798a17f\" data-element_type=\"widget\" data-widget_type=\"text-editor.default\">\n\t\t\t\t<div class=\"elementor-widget-container\">\n\t\t\t\t\t\t\t\t\t<ul>\n<li><strong>Taxi<\/strong> 1529 i +387 49 211 740<\/li>\n<li><strong>Autobusni kolodvor<\/strong> +387 49 360 125<\/li>\n<li><strong>Parking servis<\/strong> 049\/490-169<\/li>\n<\/ul>\n\t\t\t\t\t\t\t\t<\/div>\n\t\t\t\t<\/div>\n\t\t\t\t\t<\/div>\n\t\t<\/div>\n\t\t\t\t\t<\/div>\n\t\t<\/section>\n\t\t\t\t\t<\/div>\n\t\t<\/div>\n\t\t\t\t\t<\/div>\n\t\t<\/section>\n\t\t\t\t<section class=\"elementor-section elementor-top-section elementor-element elementor-element-45bca11 elementor-section-boxed elementor-section-height-default elementor-section-height-default\" data-id=\"45bca11\" data-element_type=\"section\">\n\t\t\t\t\t\t<div class=\"elementor-container elementor-column-gap-default\">\n\t\t\t\t\t<div class=\"elementor-column elementor-col-100 elementor-top-column elementor-element elementor-element-a326f3a\" data-id=\"a326f3a\" data-element_type=\"column\">\n\t\t\t<div class=\"elementor-widget-wrap elementor-element-populated\">\n\t\t\t\t\t\t<div class=\"elementor-element elementor-element-610a610 elementor-widget elementor-widget-gva-heading-block\" data-id=\"610a610\" data-element_type=\"widget\" data-settings=\"{&quot;_animation&quot;:&quot;none&quot;}\" data-widget_type=\"gva-heading-block.default\">\n\t\t\t\t<div class=\"elementor-widget-container\">\n\t\t\t\t\t<div class=\"gva-element-gva-heading-block gva-element\">   <div class=\"align-left style-1 widget gsc-heading box-align-left auto-responsive\">\r\n      <div class=\"content-inner\">\r\n         \r\n                  \r\n           \r\n         \r\n                     <h2 class=\"title\">\r\n               <span>Parking<\/span>\r\n            <\/h2>\r\n                  \r\n         \r\n         \r\n      <\/div>\r\n   <\/div>\r\n<\/div>\t\t\t\t<\/div>\n\t\t\t\t<\/div>\n\t\t\t\t\t<\/div>\n\t\t<\/div>\n\t\t\t\t\t<\/div>\n\t\t<\/section>\n\t\t\t\t<section class=\"elementor-section elementor-top-section elementor-element elementor-element-80bca41 elementor-section-boxed elementor-section-height-default elementor-section-height-default\" data-id=\"80bca41\" data-element_type=\"section\">\n\t\t\t\t\t\t<div class=\"elementor-container elementor-column-gap-default\">\n\t\t\t\t\t<div class=\"elementor-column elementor-col-33 elementor-top-column elementor-element elementor-element-1398111\" data-id=\"1398111\" data-element_type=\"column\">\n\t\t\t<div class=\"elementor-widget-wrap elementor-element-populated\">\n\t\t\t\t\t\t<div class=\"elementor-element elementor-element-61c4ce7 elementor-widget elementor-widget-image\" data-id=\"61c4ce7\" data-element_type=\"widget\" data-widget_type=\"image.default\">\n\t\t\t\t<div class=\"elementor-widget-container\">\n\t\t\t\t\t\t\t\t\t\t\t\t\t\t\t\t<a href=\"https:\/\/www.putevibrcko.ba\/wp-content\/uploads\/2023\/04\/cjenovnik.png?lang=sh\">\n\t\t\t\t\t\t\t<img fetchpriority=\"high\" decoding=\"async\" width=\"356\" height=\"379\" src=\"https:\/\/tobrcko.com\/wp-content\/uploads\/2024\/03\/\u041f\u043e\u0447\u0435\u0442\u043d\u0430-\u041f\u0443\u0442\u0435\u0432\u0438-\u0411\u0440\u0447\u043a\u043e-2.png\" class=\"attachment-full size-full wp-image-2701\" alt=\"\" \/>\t\t\t\t\t\t\t\t<\/a>\n\t\t\t\t\t\t\t\t\t\t\t\t\t\t\t<\/div>\n\t\t\t\t<\/div>\n\t\t\t\t\t<\/div>\n\t\t<\/div>\n\t\t\t\t<div class=\"elementor-column elementor-col-33 elementor-top-column elementor-element elementor-element-4c0f176\" data-id=\"4c0f176\" data-element_type=\"column\">\n\t\t\t<div class=\"elementor-widget-wrap elementor-element-populated\">\n\t\t\t\t\t\t<div class=\"elementor-element elementor-element-3ebe4f4 elementor-widget elementor-widget-image\" data-id=\"3ebe4f4\" data-element_type=\"widget\" data-widget_type=\"image.default\">\n\t\t\t\t<div class=\"elementor-widget-container\">\n\t\t\t\t\t\t\t\t\t\t\t\t\t\t\t\t<a href=\"https:\/\/www.putevibrcko.ba\/wp-content\/uploads\/2023\/04\/cjenovnik.png?lang=sh\">\n\t\t\t\t\t\t\t<img decoding=\"async\" width=\"357\" height=\"380\" src=\"https:\/\/tobrcko.com\/wp-content\/uploads\/2024\/03\/\u041f\u043e\u0447\u0435\u0442\u043d\u0430-\u041f\u0443\u0442\u0435\u0432\u0438-\u0411\u0440\u0447\u043a\u043e-1.png\" class=\"attachment-full size-full wp-image-2704\" alt=\"\" \/>\t\t\t\t\t\t\t\t<\/a>\n\t\t\t\t\t\t\t\t\t\t\t\t\t\t\t<\/div>\n\t\t\t\t<\/div>\n\t\t\t\t\t<\/div>\n\t\t<\/div>\n\t\t\t\t<div class=\"elementor-column elementor-col-33 elementor-top-column elementor-element elementor-element-c9ff9c1\" data-id=\"c9ff9c1\" data-element_type=\"column\">\n\t\t\t<div class=\"elementor-widget-wrap elementor-element-populated\">\n\t\t\t\t\t\t<div class=\"elementor-element elementor-element-de9e713 elementor-widget elementor-widget-image\" data-id=\"de9e713\" data-element_type=\"widget\" data-widget_type=\"image.default\">\n\t\t\t\t<div class=\"elementor-widget-container\">\n\t\t\t\t\t\t\t\t\t\t\t\t\t\t\t\t<a href=\"https:\/\/www.putevibrcko.ba\/wp-content\/uploads\/2023\/04\/cjenovnik.png?lang=sh\">\n\t\t\t\t\t\t\t<img decoding=\"async\" width=\"356\" height=\"380\" src=\"https:\/\/tobrcko.com\/wp-content\/uploads\/2024\/03\/\u041f\u043e\u0447\u0435\u0442\u043d\u0430-\u041f\u0443\u0442\u0435\u0432\u0438-\u0411\u0440\u0447\u043a\u043e.png\" class=\"attachment-full size-full wp-image-2707\" alt=\"\" \/>\t\t\t\t\t\t\t\t<\/a>\n\t\t\t\t\t\t\t\t\t\t\t\t\t\t\t<\/div>\n\t\t\t\t<\/div>\n\t\t\t\t\t<\/div>\n\t\t<\/div>\n\t\t\t\t\t<\/div>\n\t\t<\/section>\n\t\t\t\t<\/div>\n\t\t","protected":false},"excerpt":{"rendered":"<p>Korisne informacije Turisti\u010dka organizacija Br\u010dko distrikta Prevoz Gradski prevoz Br\u010dko. Gradski prevoz Euro Taxi Va\u017eni telefoni Policija 122 Vatrogasna jedinica 123 De\u017eurni broj 124 Zavod za javno zdravstvo 0800 50 [&hellip;]<\/p>\n","protected":false},"author":1,"featured_media":0,"parent":0,"menu_order":0,"comment_status":"closed","ping_status":"closed","template":"","meta":{"footnotes":""},"class_list":["post-3366","page","type-page","status-publish","hentry"],"_links":{"self":[{"href":"https:\/\/tobrcko.com\/hr\/wp-json\/wp\/v2\/pages\/3366","targetHints":{"allow":["GET"]}}],"collection":[{"href":"https:\/\/tobrcko.com\/hr\/wp-json\/wp\/v2\/pages"}],"about":[{"href":"https:\/\/tobrcko.com\/hr\/wp-json\/wp\/v2\/types\/page"}],"author":[{"embeddable":true,"href":"https:\/\/tobrcko.com\/hr\/wp-json\/wp\/v2\/users\/1"}],"replies":[{"embeddable":true,"href":"https:\/\/tobrcko.com\/hr\/wp-json\/wp\/v2\/comments?post=3366"}],"version-history":[{"count":7,"href":"https:\/\/tobrcko.com\/hr\/wp-json\/wp\/v2\/pages\/3366\/revisions"}],"predecessor-version":[{"id":7819,"href":"https:\/\/tobrcko.com\/hr\/wp-json\/wp\/v2\/pages\/3366\/revisions\/7819"}],"wp:attachment":[{"href":"https:\/\/tobrcko.com\/hr\/wp-json\/wp\/v2\/media?parent=3366"}],"curies":[{"name":"wp","href":"https:\/\/api.w.org\/{rel}","templated":true}]}}