{"id":3373,"date":"2024-01-08T12:41:29","date_gmt":"2024-01-08T11:41:29","guid":{"rendered":"https:\/\/tobrcko.com\/o-nama\/"},"modified":"2025-10-29T12:41:58","modified_gmt":"2025-10-29T11:41:58","slug":"o-nama","status":"publish","type":"page","link":"https:\/\/tobrcko.com\/hr\/o-nama\/","title":{"rendered":"O nama"},"content":{"rendered":"\t\t<div data-elementor-type=\"wp-page\" data-elementor-id=\"3373\" class=\"elementor elementor-3373 elementor-1093\">\n\t\t\t\t\t\t<section class=\"elementor-section elementor-top-section elementor-element elementor-element-ee503c8 elementor-section-boxed elementor-section-height-default elementor-section-height-default\" data-id=\"ee503c8\" data-element_type=\"section\" data-settings=\"{&quot;background_background&quot;:&quot;slideshow&quot;,&quot;background_slideshow_gallery&quot;:[{&quot;id&quot;:2341,&quot;url&quot;:&quot;https:\\\/\\\/tobrcko.com\\\/wp-content\\\/uploads\\\/2022\\\/12\\\/vjecnica1-1.jpg&quot;},{&quot;id&quot;:7679,&quot;url&quot;:&quot;https:\\\/\\\/tobrcko.com\\\/wp-content\\\/uploads\\\/2023\\\/01\\\/Screenshot-2025-10-21-191730.png&quot;},{&quot;id&quot;:6238,&quot;url&quot;:&quot;https:\\\/\\\/tobrcko.com\\\/wp-content\\\/uploads\\\/2025\\\/06\\\/setaliste-3.jpg&quot;}],&quot;background_slideshow_ken_burns&quot;:&quot;yes&quot;,&quot;background_slideshow_transition_duration&quot;:800,&quot;background_slideshow_loop&quot;:&quot;yes&quot;,&quot;background_slideshow_slide_duration&quot;:5000,&quot;background_slideshow_slide_transition&quot;:&quot;fade&quot;,&quot;background_slideshow_ken_burns_zoom_direction&quot;:&quot;in&quot;}\">\n\t\t\t\t\t\t<div class=\"elementor-container elementor-column-gap-default\">\n\t\t\t\t\t<div class=\"elementor-column elementor-col-100 elementor-top-column elementor-element elementor-element-8028c45\" data-id=\"8028c45\" data-element_type=\"column\">\n\t\t\t<div class=\"elementor-widget-wrap elementor-element-populated\">\n\t\t\t\t\t\t<div class=\"elementor-element elementor-element-44fce45 elementor-widget elementor-widget-gva-heading-block\" data-id=\"44fce45\" data-element_type=\"widget\" data-widget_type=\"gva-heading-block.default\">\n\t\t\t\t<div class=\"elementor-widget-container\">\n\t\t\t\t\t<div class=\"gva-element-gva-heading-block gva-element\">   <div class=\"align-left style-1 widget gsc-heading box-align-left auto-responsive\">\r\n      <div class=\"content-inner\">\r\n         \r\n                  \r\n           \r\n         \r\n                     <h2 class=\"title\">\r\n               <span>O nama<\/span>\r\n            <\/h2>\r\n                  \r\n         \r\n         \r\n      <\/div>\r\n   <\/div>\r\n<\/div>\t\t\t\t<\/div>\n\t\t\t\t<\/div>\n\t\t\t\t\t<\/div>\n\t\t<\/div>\n\t\t\t\t\t<\/div>\n\t\t<\/section>\n\t\t\t\t<section class=\"elementor-section elementor-top-section elementor-element elementor-element-a345f98 elementor-section-boxed elementor-section-height-default elementor-section-height-default\" data-id=\"a345f98\" data-element_type=\"section\" data-settings=\"{&quot;background_background&quot;:&quot;classic&quot;}\">\n\t\t\t\t\t\t<div class=\"elementor-container elementor-column-gap-default\">\n\t\t\t\t\t<div class=\"elementor-column elementor-col-50 elementor-top-column elementor-element elementor-element-7e23828\" data-id=\"7e23828\" data-element_type=\"column\">\n\t\t\t<div class=\"elementor-widget-wrap elementor-element-populated\">\n\t\t\t\t\t\t<div class=\"elementor-element elementor-element-b4a4218 elementor-widget elementor-widget-gva-heading-block\" data-id=\"b4a4218\" data-element_type=\"widget\" data-widget_type=\"gva-heading-block.default\">\n\t\t\t\t<div class=\"elementor-widget-container\">\n\t\t\t\t\t<div class=\"gva-element-gva-heading-block gva-element\">   <div class=\"align-left style-1 widget gsc-heading box-align-left auto-responsive\">\r\n      <div class=\"content-inner\">\r\n         \r\n                  \r\n         <div class=\"sub-title\"><span class=\"tagline\">Turisti\u010dka organizacija Br\u010dko distrikta<\/span><\/div>  \r\n         \r\n                     <h2 class=\"title\">\r\n               <span>Turisti\u010dka organizacija Br\u010dko distrikta Bosne i Hercegovine<\/span>\r\n            <\/h2>\r\n                  \r\n                     <div class=\"title-desc\">Smje\u0161tena u samom sredi\u0161tu Br\u010dkog, na Trgu mladih broj 6, Turisti\u010dka organizacija Br\u010dko distrikta Bosne i Hercegovine osnovana je Odlukom Vlade Br\u010dko distrikta BiH s misijom da prepozna, razvija i promi\u010de bogate turisti\u010dke potencijale ovog jedinstvenog podru\u010dja.<br><br>\nBr\u010dko distrikt BiH, zahvaljuju\u0107i svom iznimno povoljnom geografskom polo\u017eaju, ugodnoj klimi, o\u010duvanoj prirodi i bogatom kulturno-povijesnom naslje\u0111u, nudi neograni\u010dene mogu\u0107nosti za razvoj turizma tijekom cijele godine.<br><br>\nTuristi\u010dka organizacija Br\u010dko distrikta BiH organizirana je kroz dva funkcionalna sektora, od kojih svaki ima jasno definirane nadle\u017enosti i zadatke u okviru ukupnog djelovanja organizacije.<br><br>\nSektor za razvoj i promid\u017ebu turizma zadu\u017een je za planiranje i provedbu aktivnosti koje doprinose unaprje\u0111enju turisti\u010dke ponude i ja\u010danju prepoznatljivosti Br\u010dkog kao atraktivne destinacije. U okviru svojih nadle\u017enosti, sektor razvija i provodi godi\u0161nji program rada, promi\u010de turisti\u010dke potencijale Distrikta na sajmovima i drugim promotivnim doga\u0111anjima, inicira i podupire organizaciju manifestacija, razvija specijalizirane turisti\u010dke programe i rute te aktivno sudjeluje u uspostavi suradnje s turisti\u010dkim organizacijama i institucijama u zemlji i inozemstvu.<br>\n<br>Sektor za financijsko-administrativne poslove obavlja zadatke koji se odnose na financijsko planiranje, prora\u010dunsko izvr\u0161enje, ra\u010dunovodstvo, administraciju i pravne poslove. Ovaj sektor izra\u0111uje i prati realizaciju Financijskog plana i Plana javne nabave, vodi evidencije, priprema financijska i narativna izvje\u0161\u0107a, provodi postupke javne nabave te osigurava pravnu i administrativnu podr\u0161ku svim aktivnostima organizacije. Njegovo djelovanje jam\u010di zakonitost, u\u010dinkovitost i transparentnost u radu Turisti\u010dke organizacije.<br><br>\nZajedni\u010dkim djelovanjem ova dva sektora omogu\u0107uje se stabilan i odr\u017eiv razvoj turizma u Br\u010dko distriktu, uz usmjerenost na profesionalno upravljanje, promid\u017ebu i stvaranje prepoznatljive destinacije.<br>\n<br>\nU fokusu na\u0161eg rada je:<br>\n <img decoding=\"async\" role=\"img\" class=\"emoji\" alt=\"\u2705\" src=\"https:\/\/s.w.org\/images\/core\/emoji\/16.0.1\/svg\/2705.svg\"> Unaprje\u0111enje kvalitete turisti\u010dke ponude<br>\n <img decoding=\"async\" role=\"img\" class=\"emoji\" alt=\"\u2705\" src=\"https:\/\/s.w.org\/images\/core\/emoji\/16.0.1\/svg\/2705.svg\"> Pove\u0107anje vidljivosti Br\u010dkog na doma\u0107oj i me\u0111unarodnoj sceni<br>\n <img decoding=\"async\" role=\"img\" class=\"emoji\" alt=\"\u2705\" src=\"https:\/\/s.w.org\/images\/core\/emoji\/16.0.1\/svg\/2705.svg\"> Razvoj odr\u017eivog turizma<br>\n <img decoding=\"async\" role=\"img\" class=\"emoji\" alt=\"\u2705\" src=\"https:\/\/s.w.org\/images\/core\/emoji\/16.0.1\/svg\/2705.svg\"> Podr\u0161ka manifestacijama i novim inicijativama.<br><br>\nOtvoreni smo za suradnju sa svim akterima u podru\u010dju turizma \u2013 od institucija, udru\u017eenja i gospodarstva, do gra\u0111ana i posjetitelja. Zajedno stvaramo Br\u010dko kao destinaciju za do\u017eivljaj, povratak i preporuku.<\/div>\r\n         \r\n         \r\n      <\/div>\r\n   <\/div>\r\n<\/div>\t\t\t\t<\/div>\n\t\t\t\t<\/div>\n\t\t\t\t<div class=\"elementor-element elementor-element-20fcc33 elementor-widget elementor-widget-gva-heading-block\" data-id=\"20fcc33\" data-element_type=\"widget\" data-widget_type=\"gva-heading-block.default\">\n\t\t\t\t<div class=\"elementor-widget-container\">\n\t\t\t\t\t<div class=\"gva-element-gva-heading-block gva-element\">   <div class=\"align-left style-1 widget gsc-heading box-align-left auto-responsive\">\r\n      <div class=\"content-inner\">\r\n         \r\n                  \r\n           \r\n         \r\n                  \r\n                     <div class=\"title-desc\">Radno vrijeme: radnim danima od 08:00 do 16:00\n  <br> Telefon: 049 202-102<br>\n  E-mail: info@tobrcko.com<br>\n  Web: www.tobrcko.com\n<\/div>\r\n         \r\n         \r\n      <\/div>\r\n   <\/div>\r\n<\/div>\t\t\t\t<\/div>\n\t\t\t\t<\/div>\n\t\t\t\t\t<\/div>\n\t\t<\/div>\n\t\t\t\t<div class=\"elementor-column elementor-col-50 elementor-top-column elementor-element elementor-element-60612b7\" data-id=\"60612b7\" data-element_type=\"column\">\n\t\t\t<div class=\"elementor-widget-wrap elementor-element-populated\">\n\t\t\t\t\t\t<div class=\"elementor-element elementor-element-c8c2768 elementor-widget elementor-widget-image\" data-id=\"c8c2768\" data-element_type=\"widget\" data-widget_type=\"image.default\">\n\t\t\t\t<div class=\"elementor-widget-container\">\n\t\t\t\t\t\t\t\t\t\t\t\t\t\t\t<img fetchpriority=\"high\" decoding=\"async\" width=\"900\" height=\"675\" src=\"https:\/\/tobrcko.com\/wp-content\/uploads\/2024\/01\/Izabran-Znak-TOBD-1024x768.jpg\" class=\"attachment-large size-large wp-image-2686\" alt=\"\" srcset=\"https:\/\/tobrcko.com\/wp-content\/uploads\/2024\/01\/Izabran-Znak-TOBD-1024x768.jpg 1024w, https:\/\/tobrcko.com\/wp-content\/uploads\/2024\/01\/Izabran-Znak-TOBD-768x576.jpg 768w\" sizes=\"(max-width: 900px) 100vw, 900px\" \/>\t\t\t\t\t\t\t\t\t\t\t\t\t\t\t<\/div>\n\t\t\t\t<\/div>\n\t\t\t\t<div class=\"elementor-element elementor-element-b71f71e elementor-widget elementor-widget-image\" data-id=\"b71f71e\" data-element_type=\"widget\" data-widget_type=\"image.default\">\n\t\t\t\t<div class=\"elementor-widget-container\">\n\t\t\t\t\t\t\t\t\t\t\t\t\t\t\t<img decoding=\"async\" width=\"900\" height=\"600\" src=\"https:\/\/tobrcko.com\/wp-content\/uploads\/2025\/04\/viber_image_2025-04-11_12-32-28-914-1024x683.jpg\" class=\"attachment-large size-large wp-image-5902\" alt=\"\" srcset=\"https:\/\/tobrcko.com\/wp-content\/uploads\/2025\/04\/viber_image_2025-04-11_12-32-28-914-1024x683.jpg 1024w, https:\/\/tobrcko.com\/wp-content\/uploads\/2025\/04\/viber_image_2025-04-11_12-32-28-914-768x512.jpg 768w, https:\/\/tobrcko.com\/wp-content\/uploads\/2025\/04\/viber_image_2025-04-11_12-32-28-914.jpg 1600w\" sizes=\"(max-width: 900px) 100vw, 900px\" \/>\t\t\t\t\t\t\t\t\t\t\t\t\t\t\t<\/div>\n\t\t\t\t<\/div>\n\t\t\t\t\t<\/div>\n\t\t<\/div>\n\t\t\t\t\t<\/div>\n\t\t<\/section>\n\t\t\t\t<section class=\"elementor-section elementor-top-section elementor-element elementor-element-1532320 elementor-section-boxed elementor-section-height-default elementor-section-height-default\" data-id=\"1532320\" data-element_type=\"section\">\n\t\t\t\t\t\t<div class=\"elementor-container elementor-column-gap-default\">\n\t\t\t\t\t<div class=\"elementor-column elementor-col-100 elementor-top-column elementor-element elementor-element-1485a3f\" data-id=\"1485a3f\" data-element_type=\"column\">\n\t\t\t<div class=\"elementor-widget-wrap elementor-element-populated\">\n\t\t\t\t\t\t<section class=\"elementor-section elementor-inner-section elementor-element elementor-element-907ecf2 elementor-section-boxed elementor-section-height-default elementor-section-height-default\" data-id=\"907ecf2\" data-element_type=\"section\" data-settings=\"{&quot;background_background&quot;:&quot;classic&quot;}\">\n\t\t\t\t\t\t<div class=\"elementor-container elementor-column-gap-default\">\n\t\t\t\t\t<div class=\"elementor-column elementor-col-50 elementor-inner-column elementor-element elementor-element-eec152d\" data-id=\"eec152d\" data-element_type=\"column\">\n\t\t\t<div class=\"elementor-widget-wrap elementor-element-populated\">\n\t\t\t\t\t\t<div class=\"elementor-element elementor-element-403f8e7 elementor-position-left icon-box-left elementor-view-default elementor-mobile-position-top elementor-widget elementor-widget-icon-box\" data-id=\"403f8e7\" data-element_type=\"widget\" data-widget_type=\"icon-box.default\">\n\t\t\t\t<div class=\"elementor-widget-container\">\n\t\t\t\t\t\t\t<div class=\"elementor-icon-box-wrapper\">\n\n\t\t\t\t\t\t<div class=\"elementor-icon-box-icon\">\n\t\t\t\t<span  class=\"elementor-icon\">\n\t\t\t\t<i aria-hidden=\"true\" class=\" gwflaticon-flight\"><\/i>\t\t\t\t<\/span>\n\t\t\t<\/div>\n\t\t\t\n\t\t\t\t\t\t<div class=\"elementor-icon-box-content\">\n\n\t\t\t\t\n\t\t\t\t\t\t\t\t\t<p class=\"elementor-icon-box-description\">\n\t\t\t\t\t\tPratite nas kako biste bili u tijeku s na\u0161im projektima, doga\u0111ajima i novostima dok zajedno gradimo\nsvijetla turisti\u010dka budu\u0107nost Br\u010dko Distrikta!\t\t\t\t\t<\/p>\n\t\t\t\t\n\t\t\t<\/div>\n\t\t\t\n\t\t<\/div>\n\t\t\t\t\t\t<\/div>\n\t\t\t\t<\/div>\n\t\t\t\t\t<\/div>\n\t\t<\/div>\n\t\t\t\t<div class=\"elementor-column elementor-col-50 elementor-inner-column elementor-element elementor-element-31e0db3\" data-id=\"31e0db3\" data-element_type=\"column\">\n\t\t\t<div class=\"elementor-widget-wrap elementor-element-populated\">\n\t\t\t\t\t\t<div class=\"elementor-element elementor-element-0744e2e elementor-widget__width-auto elementor-widget elementor-widget-html\" data-id=\"0744e2e\" data-element_type=\"widget\" data-widget_type=\"html.default\">\n\t\t\t\t<div class=\"elementor-widget-container\">\n\t\t\t\t\t\n          <a class=\"btn-white\" href=\"https:\/\/tobrcko.com\/hr\/manifestacije\/\">\n  Aktivnosti i manifestacije\n<\/a>\n        \t\t\t\t<\/div>\n\t\t\t\t<\/div>\n\t\t\t\t\t<\/div>\n\t\t<\/div>\n\t\t\t\t\t<\/div>\n\t\t<\/section>\n\t\t\t\t\t<\/div>\n\t\t<\/div>\n\t\t\t\t\t<\/div>\n\t\t<\/section>\n\t\t\t\t<section class=\"elementor-section elementor-top-section elementor-element elementor-element-36795ca elementor-section-boxed elementor-section-height-default elementor-section-height-default\" data-id=\"36795ca\" data-element_type=\"section\" data-settings=\"{&quot;background_background&quot;:&quot;classic&quot;}\">\n\t\t\t\t\t\t\t<div class=\"elementor-background-overlay\"><\/div>\n\t\t\t\t\t\t\t<div class=\"elementor-container elementor-column-gap-default\">\n\t\t\t\t\t<div class=\"elementor-column elementor-col-50 elementor-top-column elementor-element elementor-element-c25123c\" data-id=\"c25123c\" data-element_type=\"column\">\n\t\t\t<div class=\"elementor-widget-wrap elementor-element-populated\">\n\t\t\t\t\t\t<div class=\"elementor-element elementor-element-f3b51a0 elementor-widget elementor-widget-gva-heading-block\" data-id=\"f3b51a0\" data-element_type=\"widget\" data-widget_type=\"gva-heading-block.default\">\n\t\t\t\t<div class=\"elementor-widget-container\">\n\t\t\t\t\t<div class=\"gva-element-gva-heading-block gva-element\">   <div class=\"align-left style-1 widget gsc-heading box-align-left auto-responsive\">\r\n      <div class=\"content-inner\">\r\n         \r\n                  \r\n         <div class=\"sub-title\"><span class=\"tagline\">Turisti\u010dka ogranizacija Br\u010dko distrikta<\/span><\/div>  \r\n         \r\n                     <h2 class=\"title\">\r\n               <span>Gdje se susre\u0107u kulture i priroda<\/span>\r\n            <\/h2>\r\n                  \r\n         \r\n         \r\n      <\/div>\r\n   <\/div>\r\n<\/div>\t\t\t\t<\/div>\n\t\t\t\t<\/div>\n\t\t\t\t\t<\/div>\n\t\t<\/div>\n\t\t\t\t<div class=\"elementor-column elementor-col-50 elementor-top-column elementor-element elementor-element-76f6a88\" data-id=\"76f6a88\" data-element_type=\"column\">\n\t\t\t<div class=\"elementor-widget-wrap elementor-element-populated\">\n\t\t\t\t\t\t<section class=\"elementor-section elementor-inner-section elementor-element elementor-element-dbe5fcb elementor-section-boxed elementor-section-height-default elementor-section-height-default\" data-id=\"dbe5fcb\" data-element_type=\"section\">\n\t\t\t\t\t\t<div class=\"elementor-container elementor-column-gap-default\">\n\t\t\t\t\t<div class=\"elementor-column elementor-col-50 elementor-inner-column elementor-element elementor-element-22c19b1\" data-id=\"22c19b1\" data-element_type=\"column\">\n\t\t\t<div class=\"elementor-widget-wrap elementor-element-populated\">\n\t\t\t\t\t\t<div class=\"elementor-element elementor-element-57bf735 elementor-widget elementor-widget-gva-icon-box-styles\" data-id=\"57bf735\" data-element_type=\"widget\" data-widget_type=\"gva-icon-box-styles.default\">\n\t\t\t\t<div class=\"elementor-widget-container\">\n\t\t\t\t\t<div class=\"gva-element-gva-icon-box-styles gva-element\">\r\n   \r\n         <div class=\"icon-style-two__single\">\r\n         <div class=\"icon-style-two__wrap\">\r\n            <div class=\"icon-style-two__icon\"><i aria-hidden=\"true\" class=\" flaticon-wegweiser\"><\/i><\/div>            <div class=\"icon-style-two__content\">\r\n               <h3 class=\"icon-style-two__title\">Aktivnosti<\/h3>            <\/div>\r\n         <\/div> \r\n               <\/div>   \r\n   <\/div>\t\t\t\t<\/div>\n\t\t\t\t<\/div>\n\t\t\t\t\t<\/div>\n\t\t<\/div>\n\t\t\t\t<div class=\"elementor-column elementor-col-50 elementor-inner-column elementor-element elementor-element-cd65777\" data-id=\"cd65777\" data-element_type=\"column\">\n\t\t\t<div class=\"elementor-widget-wrap elementor-element-populated\">\n\t\t\t\t\t\t<div class=\"elementor-element elementor-element-cb2221d elementor-widget elementor-widget-gva-icon-box-styles\" data-id=\"cb2221d\" data-element_type=\"widget\" data-widget_type=\"gva-icon-box-styles.default\">\n\t\t\t\t<div class=\"elementor-widget-container\">\n\t\t\t\t\t<div class=\"gva-element-gva-icon-box-styles gva-element\">\r\n   \r\n         <div class=\"icon-style-two__single\">\r\n         <div class=\"icon-style-two__wrap\">\r\n            <div class=\"icon-style-two__icon\"><i aria-hidden=\"true\" class=\" flaticon-fast-food\"><\/i><\/div>            <div class=\"icon-style-two__content\">\r\n               <h3 class=\"icon-style-two__title\">Gastronomija<\/h3>            <\/div>\r\n         <\/div> \r\n               <\/div>   \r\n   <\/div>\t\t\t\t<\/div>\n\t\t\t\t<\/div>\n\t\t\t\t\t<\/div>\n\t\t<\/div>\n\t\t\t\t\t<\/div>\n\t\t<\/section>\n\t\t\t\t<section class=\"elementor-section elementor-inner-section elementor-element elementor-element-adfcbb4 elementor-section-boxed elementor-section-height-default elementor-section-height-default\" data-id=\"adfcbb4\" data-element_type=\"section\">\n\t\t\t\t\t\t<div class=\"elementor-container elementor-column-gap-default\">\n\t\t\t\t\t<div class=\"elementor-column elementor-col-50 elementor-inner-column elementor-element elementor-element-11cd0ef\" data-id=\"11cd0ef\" data-element_type=\"column\">\n\t\t\t<div class=\"elementor-widget-wrap elementor-element-populated\">\n\t\t\t\t\t\t<div class=\"elementor-element elementor-element-c548f6b elementor-widget elementor-widget-gva-icon-box-styles\" data-id=\"c548f6b\" data-element_type=\"widget\" data-widget_type=\"gva-icon-box-styles.default\">\n\t\t\t\t<div class=\"elementor-widget-container\">\n\t\t\t\t\t<div class=\"gva-element-gva-icon-box-styles gva-element\">\r\n   \r\n         <div class=\"icon-style-two__single\">\r\n         <div class=\"icon-style-two__wrap\">\r\n            <div class=\"icon-style-two__icon\"><i aria-hidden=\"true\" class=\" gwflaticon-camping\"><\/i><\/div>            <div class=\"icon-style-two__content\">\r\n               <h3 class=\"icon-style-two__title\">Izleti\u0161ta<\/h3>            <\/div>\r\n         <\/div> \r\n               <\/div>   \r\n   <\/div>\t\t\t\t<\/div>\n\t\t\t\t<\/div>\n\t\t\t\t\t<\/div>\n\t\t<\/div>\n\t\t\t\t<div class=\"elementor-column elementor-col-50 elementor-inner-column elementor-element elementor-element-f7b1766\" data-id=\"f7b1766\" data-element_type=\"column\">\n\t\t\t<div class=\"elementor-widget-wrap elementor-element-populated\">\n\t\t\t\t\t\t<div class=\"elementor-element elementor-element-d13eead elementor-widget elementor-widget-gva-icon-box-styles\" data-id=\"d13eead\" data-element_type=\"widget\" data-widget_type=\"gva-icon-box-styles.default\">\n\t\t\t\t<div class=\"elementor-widget-container\">\n\t\t\t\t\t<div class=\"gva-element-gva-icon-box-styles gva-element\">\r\n   \r\n         <div class=\"icon-style-two__single\">\r\n         <div class=\"icon-style-two__wrap\">\r\n            <div class=\"icon-style-two__icon\"><i aria-hidden=\"true\" class=\" gwflaticon-reviews\"><\/i><\/div>            <div class=\"icon-style-two__content\">\r\n               <h3 class=\"icon-style-two__title\">Smje\u0161taj<\/h3>            <\/div>\r\n         <\/div> \r\n               <\/div>   \r\n   <\/div>\t\t\t\t<\/div>\n\t\t\t\t<\/div>\n\t\t\t\t\t<\/div>\n\t\t<\/div>\n\t\t\t\t\t<\/div>\n\t\t<\/section>\n\t\t\t\t\t<\/div>\n\t\t<\/div>\n\t\t\t\t\t<\/div>\n\t\t<\/section>\n\t\t\t\t<\/div>\n\t\t","protected":false},"excerpt":{"rendered":"<p>O nama Turisti\u010dka organizacija Br\u010dko distrikta Turisti\u010dka organizacija Br\u010dko distrikta Bosne i Hercegovine Smje\u0161tena u samom sredi\u0161tu Br\u010dkog, na Trgu mladih broj 6, Turisti\u010dka organizacija Br\u010dko distrikta Bosne i Hercegovine [&hellip;]<\/p>\n","protected":false},"author":1,"featured_media":0,"parent":0,"menu_order":0,"comment_status":"closed","ping_status":"closed","template":"","meta":{"footnotes":""},"class_list":["post-3373","page","type-page","status-publish","hentry"],"_links":{"self":[{"href":"https:\/\/tobrcko.com\/hr\/wp-json\/wp\/v2\/pages\/3373","targetHints":{"allow":["GET"]}}],"collection":[{"href":"https:\/\/tobrcko.com\/hr\/wp-json\/wp\/v2\/pages"}],"about":[{"href":"https:\/\/tobrcko.com\/hr\/wp-json\/wp\/v2\/types\/page"}],"author":[{"embeddable":true,"href":"https:\/\/tobrcko.com\/hr\/wp-json\/wp\/v2\/users\/1"}],"replies":[{"embeddable":true,"href":"https:\/\/tobrcko.com\/hr\/wp-json\/wp\/v2\/comments?post=3373"}],"version-history":[{"count":13,"href":"https:\/\/tobrcko.com\/hr\/wp-json\/wp\/v2\/pages\/3373\/revisions"}],"predecessor-version":[{"id":8561,"href":"https:\/\/tobrcko.com\/hr\/wp-json\/wp\/v2\/pages\/3373\/revisions\/8561"}],"wp:attachment":[{"href":"https:\/\/tobrcko.com\/hr\/wp-json\/wp\/v2\/media?parent=3373"}],"curies":[{"name":"wp","href":"https:\/\/api.w.org\/{rel}","templated":true}]}}