{"id":6107,"date":"2025-06-04T08:50:03","date_gmt":"2025-06-04T06:50:03","guid":{"rendered":"https:\/\/tobrcko.com\/program-obilazaka\/"},"modified":"2025-06-04T09:53:09","modified_gmt":"2025-06-04T07:53:09","slug":"program-obilazaka","status":"publish","type":"page","link":"https:\/\/tobrcko.com\/hr\/program-obilazaka\/","title":{"rendered":"Programske ture"},"content":{"rendered":"\t\t<div data-elementor-type=\"wp-page\" data-elementor-id=\"6107\" class=\"elementor elementor-6107 elementor-6105\">\n\t\t\t\t\t\t<section class=\"elementor-section elementor-top-section elementor-element elementor-element-8883bf6 elementor-section-boxed elementor-section-height-default elementor-section-height-default\" data-id=\"8883bf6\" data-element_type=\"section\" data-settings=\"{&quot;background_background&quot;:&quot;classic&quot;}\">\n\t\t\t\t\t\t\t<div class=\"elementor-background-overlay\"><\/div>\n\t\t\t\t\t\t\t<div class=\"elementor-container elementor-column-gap-default\">\n\t\t\t\t\t<div class=\"elementor-column elementor-col-100 elementor-top-column elementor-element elementor-element-4bad782 icon-box-left\" data-id=\"4bad782\" data-element_type=\"column\" data-settings=\"{&quot;background_background&quot;:&quot;classic&quot;}\">\n\t\t\t<div class=\"elementor-widget-wrap elementor-element-populated\">\n\t\t\t\t\t\t<div class=\"elementor-element elementor-element-5d36fb3 elementor-widget elementor-widget-gva-heading-block\" data-id=\"5d36fb3\" data-element_type=\"widget\" data-widget_type=\"gva-heading-block.default\">\n\t\t\t\t<div class=\"elementor-widget-container\">\n\t\t\t\t\t<div class=\"gva-element-gva-heading-block gva-element\">   <div class=\"align-center style-1 widget gsc-heading box-align-center auto-responsive\">\r\n      <div class=\"content-inner\">\r\n         \r\n                  \r\n         <div class=\"sub-title\"><span class=\"tagline\">\u0160TA VIDJETI<\/span><\/div>  \r\n         \r\n                     <h2 class=\"title\">\r\n               <span>Programske ture<\/span>\r\n            <\/h2>\r\n                  \r\n         \r\n         \r\n      <\/div>\r\n   <\/div>\r\n<\/div>\t\t\t\t<\/div>\n\t\t\t\t<\/div>\n\t\t\t\t<div class=\"elementor-element elementor-element-7b1212d elementor-widget elementor-widget-gva-portfolio\" data-id=\"7b1212d\" data-element_type=\"widget\" data-widget_type=\"gva-portfolio.default\">\n\t\t\t\t<div class=\"elementor-widget-container\">\n\t\t\t\t\t<div class=\"gva-element-gva-portfolio gva-element\">\r\n  <div class=\"gva-portfolio-grid clearfix grid-4f9r\" data-filter=\"4f9r\">\r\n        <div class=\"gva-content-items\"> \r\n      <div class=\"isotope-items view-portfolio lg-block-grid-3 md-block-grid-3 sm-block-grid-2 xs-block-grid-1 xx-block-grid-1\">\r\n        <div class=\"all program-obilazaka  item-columns isotope-item\">\r\n   <div class=\"portfolio-one__single\">      \r\n      <div class=\"portfolio-one__image\">\r\n         <a class=\"portfolio-one__link\" href=\"https:\/\/tobrcko.com\/hr\/case\/dozivi-brcko-price-koje-se-pamte-brosura\/\">\r\n            <img fetchpriority=\"high\" decoding=\"async\" width=\"500\" height=\"360\" src=\"https:\/\/tobrcko.com\/wp-content\/uploads\/2025\/06\/pROGRAMSKE-TURE-500x360.jpg\" class=\"attachment-post-thumbnail size-post-thumbnail wp-post-image\" alt=\"\" \/>         <\/a>\r\n      <\/div>\r\n      <div class=\"portfolio-one__content\">\r\n         <div class=\"portfolio-one__content-inner\">\r\n            <h3 class=\"portfolio-one__title\">\r\n               <a href=\"https:\/\/tobrcko.com\/hr\/case\/dozivi-brcko-price-koje-se-pamte-brosura\/\">Do\u017eivi Br\u010dko &#8211; pri\u010de koje se pamte.<\/a>\r\n            <\/h3>\r\n            <div class=\"portfolio-one__category\"><a href=\"https:\/\/tobrcko.com\/hr\/category-portfolio\/program-obilazaka\/\" title=\"View all posts in Program obilazaka\">Program obilazaka<\/a><\/div>\r\n            <span class=\"portfolio-one__arrow\"><i class=\"fa-solid fa-arrow-right\"><\/i><\/span>\r\n         <\/div>    \r\n      <\/div>  \r\n   <\/div>\r\n   \r\n<\/div>\r\n<div class=\"all program-obilazaka  item-columns isotope-item\">\r\n   <div class=\"portfolio-one__single\">      \r\n      <div class=\"portfolio-one__image\">\r\n         <a class=\"portfolio-one__link\" href=\"https:\/\/tobrcko.com\/hr\/case\/programske-ture-broj-6\/\">\r\n            <img fetchpriority=\"high\" decoding=\"async\" width=\"500\" height=\"360\" src=\"https:\/\/tobrcko.com\/wp-content\/uploads\/2025\/06\/pROGRAMSKE-TURE-500x360.jpg\" class=\"attachment-post-thumbnail size-post-thumbnail wp-post-image\" alt=\"\" \/>         <\/a>\r\n      <\/div>\r\n      <div class=\"portfolio-one__content\">\r\n         <div class=\"portfolio-one__content-inner\">\r\n            <h3 class=\"portfolio-one__title\">\r\n               <a href=\"https:\/\/tobrcko.com\/hr\/case\/programske-ture-broj-6\/\">Programske ture broj 6<\/a>\r\n            <\/h3>\r\n            <div class=\"portfolio-one__category\"><a href=\"https:\/\/tobrcko.com\/hr\/category-portfolio\/program-obilazaka\/\" title=\"View all posts in Program obilazaka\">Program obilazaka<\/a><\/div>\r\n            <span class=\"portfolio-one__arrow\"><i class=\"fa-solid fa-arrow-right\"><\/i><\/span>\r\n         <\/div>    \r\n      <\/div>  \r\n   <\/div>\r\n   \r\n<\/div>\r\n<div class=\"all program-obilazaka  item-columns isotope-item\">\r\n   <div class=\"portfolio-one__single\">      \r\n      <div class=\"portfolio-one__image\">\r\n         <a class=\"portfolio-one__link\" href=\"https:\/\/tobrcko.com\/hr\/case\/programske-ture-broj-7\/\">\r\n            <img fetchpriority=\"high\" decoding=\"async\" width=\"500\" height=\"360\" src=\"https:\/\/tobrcko.com\/wp-content\/uploads\/2025\/06\/pROGRAMSKE-TURE-500x360.jpg\" class=\"attachment-post-thumbnail size-post-thumbnail wp-post-image\" alt=\"\" \/>         <\/a>\r\n      <\/div>\r\n      <div class=\"portfolio-one__content\">\r\n         <div class=\"portfolio-one__content-inner\">\r\n            <h3 class=\"portfolio-one__title\">\r\n               <a href=\"https:\/\/tobrcko.com\/hr\/case\/programske-ture-broj-7\/\">Programske ture broj 7<\/a>\r\n            <\/h3>\r\n            <div class=\"portfolio-one__category\"><a href=\"https:\/\/tobrcko.com\/hr\/category-portfolio\/program-obilazaka\/\" title=\"View all posts in Program obilazaka\">Program obilazaka<\/a><\/div>\r\n            <span class=\"portfolio-one__arrow\"><i class=\"fa-solid fa-arrow-right\"><\/i><\/span>\r\n         <\/div>    \r\n      <\/div>  \r\n   <\/div>\r\n   \r\n<\/div>\r\n<div class=\"all program-obilazaka  item-columns isotope-item\">\r\n   <div class=\"portfolio-one__single\">      \r\n      <div class=\"portfolio-one__image\">\r\n         <a class=\"portfolio-one__link\" href=\"https:\/\/tobrcko.com\/hr\/case\/programske-ture-broj-5\/\">\r\n            <img fetchpriority=\"high\" decoding=\"async\" width=\"500\" height=\"360\" src=\"https:\/\/tobrcko.com\/wp-content\/uploads\/2025\/06\/pROGRAMSKE-TURE-500x360.jpg\" class=\"attachment-post-thumbnail size-post-thumbnail wp-post-image\" alt=\"\" \/>         <\/a>\r\n      <\/div>\r\n      <div class=\"portfolio-one__content\">\r\n         <div class=\"portfolio-one__content-inner\">\r\n            <h3 class=\"portfolio-one__title\">\r\n               <a href=\"https:\/\/tobrcko.com\/hr\/case\/programske-ture-broj-5\/\">Programske ture broj 5<\/a>\r\n            <\/h3>\r\n            <div class=\"portfolio-one__category\"><a href=\"https:\/\/tobrcko.com\/hr\/category-portfolio\/program-obilazaka\/\" title=\"View all posts in Program obilazaka\">Program obilazaka<\/a><\/div>\r\n            <span class=\"portfolio-one__arrow\"><i class=\"fa-solid fa-arrow-right\"><\/i><\/span>\r\n         <\/div>    \r\n      <\/div>  \r\n   <\/div>\r\n   \r\n<\/div>\r\n<div class=\"all program-obilazaka  item-columns isotope-item\">\r\n   <div class=\"portfolio-one__single\">      \r\n      <div class=\"portfolio-one__image\">\r\n         <a class=\"portfolio-one__link\" href=\"https:\/\/tobrcko.com\/hr\/case\/programske-ture-broj-4\/\">\r\n            <img fetchpriority=\"high\" decoding=\"async\" width=\"500\" height=\"360\" src=\"https:\/\/tobrcko.com\/wp-content\/uploads\/2025\/06\/pROGRAMSKE-TURE-500x360.jpg\" class=\"attachment-post-thumbnail size-post-thumbnail wp-post-image\" alt=\"\" \/>         <\/a>\r\n      <\/div>\r\n      <div class=\"portfolio-one__content\">\r\n         <div class=\"portfolio-one__content-inner\">\r\n            <h3 class=\"portfolio-one__title\">\r\n               <a href=\"https:\/\/tobrcko.com\/hr\/case\/programske-ture-broj-4\/\">Programske ture broj 4<\/a>\r\n            <\/h3>\r\n            <div class=\"portfolio-one__category\"><a href=\"https:\/\/tobrcko.com\/hr\/category-portfolio\/program-obilazaka\/\" title=\"View all posts in Program obilazaka\">Program obilazaka<\/a><\/div>\r\n            <span class=\"portfolio-one__arrow\"><i class=\"fa-solid fa-arrow-right\"><\/i><\/span>\r\n         <\/div>    \r\n      <\/div>  \r\n   <\/div>\r\n   \r\n<\/div>\r\n<div class=\"all program-obilazaka  item-columns isotope-item\">\r\n   <div class=\"portfolio-one__single\">      \r\n      <div class=\"portfolio-one__image\">\r\n         <a class=\"portfolio-one__link\" href=\"https:\/\/tobrcko.com\/hr\/case\/programske-ture-broj-3\/\">\r\n            <img fetchpriority=\"high\" decoding=\"async\" width=\"500\" height=\"360\" src=\"https:\/\/tobrcko.com\/wp-content\/uploads\/2025\/06\/pROGRAMSKE-TURE-500x360.jpg\" class=\"attachment-post-thumbnail size-post-thumbnail wp-post-image\" alt=\"\" \/>         <\/a>\r\n      <\/div>\r\n      <div class=\"portfolio-one__content\">\r\n         <div class=\"portfolio-one__content-inner\">\r\n            <h3 class=\"portfolio-one__title\">\r\n               <a href=\"https:\/\/tobrcko.com\/hr\/case\/programske-ture-broj-3\/\">Programske ture broj 3<\/a>\r\n            <\/h3>\r\n            <div class=\"portfolio-one__category\"><a href=\"https:\/\/tobrcko.com\/hr\/category-portfolio\/program-obilazaka\/\" title=\"View all posts in Program obilazaka\">Program obilazaka<\/a><\/div>\r\n            <span class=\"portfolio-one__arrow\"><i class=\"fa-solid fa-arrow-right\"><\/i><\/span>\r\n         <\/div>    \r\n      <\/div>  \r\n   <\/div>\r\n   \r\n<\/div>\r\n<div class=\"all program-obilazaka  item-columns isotope-item\">\r\n   <div class=\"portfolio-one__single\">      \r\n      <div class=\"portfolio-one__image\">\r\n         <a class=\"portfolio-one__link\" href=\"https:\/\/tobrcko.com\/hr\/case\/programske-ture-broj-2\/\">\r\n            <img fetchpriority=\"high\" decoding=\"async\" width=\"500\" height=\"360\" src=\"https:\/\/tobrcko.com\/wp-content\/uploads\/2025\/06\/pROGRAMSKE-TURE-500x360.jpg\" class=\"attachment-post-thumbnail size-post-thumbnail wp-post-image\" alt=\"\" \/>         <\/a>\r\n      <\/div>\r\n      <div class=\"portfolio-one__content\">\r\n         <div class=\"portfolio-one__content-inner\">\r\n            <h3 class=\"portfolio-one__title\">\r\n               <a href=\"https:\/\/tobrcko.com\/hr\/case\/programske-ture-broj-2\/\">Programske ture broj 2<\/a>\r\n            <\/h3>\r\n            <div class=\"portfolio-one__category\"><a href=\"https:\/\/tobrcko.com\/hr\/category-portfolio\/program-obilazaka\/\" title=\"View all posts in Program obilazaka\">Program obilazaka<\/a><\/div>\r\n            <span class=\"portfolio-one__arrow\"><i class=\"fa-solid fa-arrow-right\"><\/i><\/span>\r\n         <\/div>    \r\n      <\/div>  \r\n   <\/div>\r\n   \r\n<\/div>\r\n<div class=\"all program-obilazaka  item-columns isotope-item\">\r\n   <div class=\"portfolio-one__single\">      \r\n      <div class=\"portfolio-one__image\">\r\n         <a class=\"portfolio-one__link\" href=\"https:\/\/tobrcko.com\/hr\/case\/program-obilaska-broj-1\/\">\r\n            <img fetchpriority=\"high\" decoding=\"async\" width=\"500\" height=\"360\" src=\"https:\/\/tobrcko.com\/wp-content\/uploads\/2025\/06\/pROGRAMSKE-TURE-500x360.jpg\" class=\"attachment-post-thumbnail size-post-thumbnail wp-post-image\" alt=\"\" \/>         <\/a>\r\n      <\/div>\r\n      <div class=\"portfolio-one__content\">\r\n         <div class=\"portfolio-one__content-inner\">\r\n            <h3 class=\"portfolio-one__title\">\r\n               <a href=\"https:\/\/tobrcko.com\/hr\/case\/program-obilaska-broj-1\/\">Programske ture broj 1<\/a>\r\n            <\/h3>\r\n            <div class=\"portfolio-one__category\"><a href=\"https:\/\/tobrcko.com\/hr\/category-portfolio\/program-obilazaka\/\" title=\"View all posts in Program obilazaka\">Program obilazaka<\/a><\/div>\r\n            <span class=\"portfolio-one__arrow\"><i class=\"fa-solid fa-arrow-right\"><\/i><\/span>\r\n         <\/div>    \r\n      <\/div>  \r\n   <\/div>\r\n   \r\n<\/div>\r\n      <\/div>\r\n    <\/div>\r\n      <\/div>\r\n  <\/div>\t\t\t\t<\/div>\n\t\t\t\t<\/div>\n\t\t\t\t\t<\/div>\n\t\t<\/div>\n\t\t\t\t\t<\/div>\n\t\t<\/section>\n\t\t\t\t<\/div>\n\t\t","protected":false},"excerpt":{"rendered":"<p>\u0160TA VIDJETI Programske ture Programska tura broj 1 Programske ture<\/p>\n","protected":false},"author":1,"featured_media":0,"parent":0,"menu_order":0,"comment_status":"closed","ping_status":"closed","template":"","meta":{"footnotes":""},"class_list":["post-6107","page","type-page","status-publish","hentry"],"_links":{"self":[{"href":"https:\/\/tobrcko.com\/hr\/wp-json\/wp\/v2\/pages\/6107","targetHints":{"allow":["GET"]}}],"collection":[{"href":"https:\/\/tobrcko.com\/hr\/wp-json\/wp\/v2\/pages"}],"about":[{"href":"https:\/\/tobrcko.com\/hr\/wp-json\/wp\/v2\/types\/page"}],"author":[{"embeddable":true,"href":"https:\/\/tobrcko.com\/hr\/wp-json\/wp\/v2\/users\/1"}],"replies":[{"embeddable":true,"href":"https:\/\/tobrcko.com\/hr\/wp-json\/wp\/v2\/comments?post=6107"}],"version-history":[{"count":4,"href":"https:\/\/tobrcko.com\/hr\/wp-json\/wp\/v2\/pages\/6107\/revisions"}],"predecessor-version":[{"id":6162,"href":"https:\/\/tobrcko.com\/hr\/wp-json\/wp\/v2\/pages\/6107\/revisions\/6162"}],"wp:attachment":[{"href":"https:\/\/tobrcko.com\/hr\/wp-json\/wp\/v2\/media?parent=6107"}],"curies":[{"name":"wp","href":"https:\/\/api.w.org\/{rel}","templated":true}]}}